{"id":43,"date":"2021-05-01T03:41:00","date_gmt":"2021-05-01T03:41:00","guid":{"rendered":"https:\/\/bombonoriental.cl\/shop\/?post_type=product&#038;p=43"},"modified":"2024-01-08T17:19:06","modified_gmt":"2024-01-08T17:19:06","slug":"producto-3","status":"publish","type":"product","link":"https:\/\/bombonoriental.cl\/shop\/producto\/producto-3\/","title":{"rendered":"Miel de la Flor de Ulmo"},"content":{"rendered":"<p>1 Kg Miel de la Flor de Ulmo, La miel de Ulmo es producida por las abejas cuando recolectan el n\u00e9ctar de las flores del ulmo o muermo (Eucryphia cordifolia), nuestra miel se produce en los bosques nativos del sur de chile, proviene de la Capital de la Murta localidad de Ensenada, Puerto Varas, regi\u00f3n de los lagos. Cuando florece el \u00e1rbol sagrado del Ulmo, las abejitas por el aroma de la flor del ULMO se cautivan por su fragancia y se envuelven en su polen. Son 5 hect\u00e1reas de ulmo en la cual se produce la miel de Ulmo logrando una miel de una sola flor. y no multifloral.\u00a0 Nuestra miel est\u00e1 libre de pesticidas y elementos creados por el ser humano, nuestra miel Mono floral es lo m\u00e1s natural posible para no perder ninguna de sus propiedades como ejemplo, <strong>Apoyo Inmunol\u00f3gico<\/strong>, <strong>Alivio de la Tos, <\/strong><strong>Digesti\u00f3n Saludable.<\/strong><\/p>\n<p>&nbsp;<\/p>\n","protected":false},"excerpt":{"rendered":"<p>1 Kg de Miel de la Flor de Ulmo.<\/p>\n","protected":false},"featured_media":30,"comment_status":"open","ping_status":"closed","template":"","meta":[],"product_brand":[],"product_cat":[15],"product_tag":[],"class_list":{"0":"post-43","1":"product","2":"type-product","3":"status-publish","4":"has-post-thumbnail","6":"product_cat-sin-categorizar","8":"first","9":"instock","10":"shipping-taxable","11":"purchasable","12":"product-type-simple"},"yoast_head":"<!-- This site is optimized with the Yoast SEO plugin v26.9 - https:\/\/yoast.com\/product\/yoast-seo-wordpress\/ -->\n<title>Miel de la Flor de Ulmo - Dulces Arabes Santiago | BomBon Oriental<\/title>\n<meta name=\"robots\" content=\"index, follow, max-snippet:-1, max-image-preview:large, max-video-preview:-1\" \/>\n<link rel=\"canonical\" href=\"https:\/\/bombonoriental.cl\/shop\/producto\/producto-3\/\" \/>\n<meta property=\"og:locale\" content=\"es_ES\" \/>\n<meta property=\"og:type\" content=\"article\" \/>\n<meta property=\"og:title\" content=\"Miel de la Flor de Ulmo - Dulces Arabes Santiago | BomBon Oriental\" \/>\n<meta property=\"og:description\" content=\"1 Kg de Miel de la Flor de Ulmo.\" \/>\n<meta property=\"og:url\" content=\"https:\/\/bombonoriental.cl\/shop\/producto\/producto-3\/\" \/>\n<meta property=\"og:site_name\" content=\"Dulces Arabes Santiago | BomBon Oriental\" \/>\n<meta property=\"article:modified_time\" content=\"2024-01-08T17:19:06+00:00\" \/>\n<meta property=\"og:image\" content=\"https:\/\/bombonoriental.cl\/shop\/wp-content\/uploads\/2021\/05\/003.jpg\" \/>\n\t<meta property=\"og:image:width\" content=\"480\" \/>\n\t<meta property=\"og:image:height\" content=\"640\" \/>\n\t<meta property=\"og:image:type\" content=\"image\/jpeg\" \/>\n<meta name=\"twitter:card\" content=\"summary_large_image\" \/>\n<meta name=\"twitter:label1\" content=\"Tiempo de lectura\" \/>\n\t<meta name=\"twitter:data1\" content=\"1 minuto\" \/>\n<script type=\"application\/ld+json\" class=\"yoast-schema-graph\">{\"@context\":\"https:\/\/schema.org\",\"@graph\":[{\"@type\":\"WebPage\",\"@id\":\"https:\/\/bombonoriental.cl\/shop\/producto\/producto-3\/\",\"url\":\"https:\/\/bombonoriental.cl\/shop\/producto\/producto-3\/\",\"name\":\"Miel de la Flor de Ulmo - Dulces Arabes Santiago | BomBon Oriental\",\"isPartOf\":{\"@id\":\"https:\/\/bombonoriental.cl\/shop\/#website\"},\"primaryImageOfPage\":{\"@id\":\"https:\/\/bombonoriental.cl\/shop\/producto\/producto-3\/#primaryimage\"},\"image\":{\"@id\":\"https:\/\/bombonoriental.cl\/shop\/producto\/producto-3\/#primaryimage\"},\"thumbnailUrl\":\"https:\/\/bombonoriental.cl\/shop\/wp-content\/uploads\/2021\/05\/003.jpg\",\"datePublished\":\"2021-05-01T03:41:00+00:00\",\"dateModified\":\"2024-01-08T17:19:06+00:00\",\"breadcrumb\":{\"@id\":\"https:\/\/bombonoriental.cl\/shop\/producto\/producto-3\/#breadcrumb\"},\"inLanguage\":\"es\",\"potentialAction\":[{\"@type\":\"ReadAction\",\"target\":[\"https:\/\/bombonoriental.cl\/shop\/producto\/producto-3\/\"]}]},{\"@type\":\"ImageObject\",\"inLanguage\":\"es\",\"@id\":\"https:\/\/bombonoriental.cl\/shop\/producto\/producto-3\/#primaryimage\",\"url\":\"https:\/\/bombonoriental.cl\/shop\/wp-content\/uploads\/2021\/05\/003.jpg\",\"contentUrl\":\"https:\/\/bombonoriental.cl\/shop\/wp-content\/uploads\/2021\/05\/003.jpg\",\"width\":480,\"height\":640},{\"@type\":\"BreadcrumbList\",\"@id\":\"https:\/\/bombonoriental.cl\/shop\/producto\/producto-3\/#breadcrumb\",\"itemListElement\":[{\"@type\":\"ListItem\",\"position\":1,\"name\":\"Portada\",\"item\":\"https:\/\/bombonoriental.cl\/shop\/\"},{\"@type\":\"ListItem\",\"position\":2,\"name\":\"Tienda\",\"item\":\"https:\/\/bombonoriental.cl\/shop\/tienda\/\"},{\"@type\":\"ListItem\",\"position\":3,\"name\":\"Miel de la Flor de Ulmo\"}]},{\"@type\":\"WebSite\",\"@id\":\"https:\/\/bombonoriental.cl\/shop\/#website\",\"url\":\"https:\/\/bombonoriental.cl\/shop\/\",\"name\":\"Dulces Arabes Santiago | BomBon Oriental\",\"description\":\"Pasteleria Arabe, Dulces\",\"potentialAction\":[{\"@type\":\"SearchAction\",\"target\":{\"@type\":\"EntryPoint\",\"urlTemplate\":\"https:\/\/bombonoriental.cl\/shop\/?s={search_term_string}\"},\"query-input\":{\"@type\":\"PropertyValueSpecification\",\"valueRequired\":true,\"valueName\":\"search_term_string\"}}],\"inLanguage\":\"es\"}]}<\/script>\n<!-- \/ Yoast SEO plugin. -->","yoast_head_json":{"title":"Miel de la Flor de Ulmo - Dulces Arabes Santiago | BomBon Oriental","robots":{"index":"index","follow":"follow","max-snippet":"max-snippet:-1","max-image-preview":"max-image-preview:large","max-video-preview":"max-video-preview:-1"},"canonical":"https:\/\/bombonoriental.cl\/shop\/producto\/producto-3\/","og_locale":"es_ES","og_type":"article","og_title":"Miel de la Flor de Ulmo - Dulces Arabes Santiago | BomBon Oriental","og_description":"1 Kg de Miel de la Flor de Ulmo.","og_url":"https:\/\/bombonoriental.cl\/shop\/producto\/producto-3\/","og_site_name":"Dulces Arabes Santiago | BomBon Oriental","article_modified_time":"2024-01-08T17:19:06+00:00","og_image":[{"width":480,"height":640,"url":"https:\/\/bombonoriental.cl\/shop\/wp-content\/uploads\/2021\/05\/003.jpg","type":"image\/jpeg"}],"twitter_card":"summary_large_image","twitter_misc":{"Tiempo de lectura":"1 minuto"},"schema":{"@context":"https:\/\/schema.org","@graph":[{"@type":"WebPage","@id":"https:\/\/bombonoriental.cl\/shop\/producto\/producto-3\/","url":"https:\/\/bombonoriental.cl\/shop\/producto\/producto-3\/","name":"Miel de la Flor de Ulmo - Dulces Arabes Santiago | BomBon Oriental","isPartOf":{"@id":"https:\/\/bombonoriental.cl\/shop\/#website"},"primaryImageOfPage":{"@id":"https:\/\/bombonoriental.cl\/shop\/producto\/producto-3\/#primaryimage"},"image":{"@id":"https:\/\/bombonoriental.cl\/shop\/producto\/producto-3\/#primaryimage"},"thumbnailUrl":"https:\/\/bombonoriental.cl\/shop\/wp-content\/uploads\/2021\/05\/003.jpg","datePublished":"2021-05-01T03:41:00+00:00","dateModified":"2024-01-08T17:19:06+00:00","breadcrumb":{"@id":"https:\/\/bombonoriental.cl\/shop\/producto\/producto-3\/#breadcrumb"},"inLanguage":"es","potentialAction":[{"@type":"ReadAction","target":["https:\/\/bombonoriental.cl\/shop\/producto\/producto-3\/"]}]},{"@type":"ImageObject","inLanguage":"es","@id":"https:\/\/bombonoriental.cl\/shop\/producto\/producto-3\/#primaryimage","url":"https:\/\/bombonoriental.cl\/shop\/wp-content\/uploads\/2021\/05\/003.jpg","contentUrl":"https:\/\/bombonoriental.cl\/shop\/wp-content\/uploads\/2021\/05\/003.jpg","width":480,"height":640},{"@type":"BreadcrumbList","@id":"https:\/\/bombonoriental.cl\/shop\/producto\/producto-3\/#breadcrumb","itemListElement":[{"@type":"ListItem","position":1,"name":"Portada","item":"https:\/\/bombonoriental.cl\/shop\/"},{"@type":"ListItem","position":2,"name":"Tienda","item":"https:\/\/bombonoriental.cl\/shop\/tienda\/"},{"@type":"ListItem","position":3,"name":"Miel de la Flor de Ulmo"}]},{"@type":"WebSite","@id":"https:\/\/bombonoriental.cl\/shop\/#website","url":"https:\/\/bombonoriental.cl\/shop\/","name":"Dulces Arabes Santiago | BomBon Oriental","description":"Pasteleria Arabe, Dulces","potentialAction":[{"@type":"SearchAction","target":{"@type":"EntryPoint","urlTemplate":"https:\/\/bombonoriental.cl\/shop\/?s={search_term_string}"},"query-input":{"@type":"PropertyValueSpecification","valueRequired":true,"valueName":"search_term_string"}}],"inLanguage":"es"}]}},"_links":{"self":[{"href":"https:\/\/bombonoriental.cl\/shop\/wp-json\/wp\/v2\/product\/43","targetHints":{"allow":["GET"]}}],"collection":[{"href":"https:\/\/bombonoriental.cl\/shop\/wp-json\/wp\/v2\/product"}],"about":[{"href":"https:\/\/bombonoriental.cl\/shop\/wp-json\/wp\/v2\/types\/product"}],"replies":[{"embeddable":true,"href":"https:\/\/bombonoriental.cl\/shop\/wp-json\/wp\/v2\/comments?post=43"}],"wp:featuredmedia":[{"embeddable":true,"href":"https:\/\/bombonoriental.cl\/shop\/wp-json\/wp\/v2\/media\/30"}],"wp:attachment":[{"href":"https:\/\/bombonoriental.cl\/shop\/wp-json\/wp\/v2\/media?parent=43"}],"wp:term":[{"taxonomy":"product_brand","embeddable":true,"href":"https:\/\/bombonoriental.cl\/shop\/wp-json\/wp\/v2\/product_brand?post=43"},{"taxonomy":"product_cat","embeddable":true,"href":"https:\/\/bombonoriental.cl\/shop\/wp-json\/wp\/v2\/product_cat?post=43"},{"taxonomy":"product_tag","embeddable":true,"href":"https:\/\/bombonoriental.cl\/shop\/wp-json\/wp\/v2\/product_tag?post=43"}],"curies":[{"name":"wp","href":"https:\/\/api.w.org\/{rel}","templated":true}]}}